{"id":930,"date":"2016-05-16T08:15:31","date_gmt":"2016-05-16T08:15:31","guid":{"rendered":"http:\/\/wp.magnium-themes.com\/thebuilt\/thebuilt-1\/?page_id=930"},"modified":"2024-10-17T04:24:07","modified_gmt":"2024-10-17T04:24:07","slug":"about-us","status":"publish","type":"page","link":"http:\/\/pip-engineers.com\/?page_id=930","title":{"rendered":"Sobre Nosotros"},"content":{"rendered":"<div class=\"wpb-content-wrapper\"><p>[vc_row][vc_column]<div class=\"mgt-header-block clearfix text-left text-black wpb_content_element  mgt-header-block-style-1 mgt-header-texttransform-header \"><h2 class=\"mgt-header-block-title\">Quienes Somos<\/h2><div class=\"mgt-header-line\"><\/div><\/div>[\/vc_column][\/vc_row][vc_row equal_height=\u00bbyes\u00bb css=\u00bb.vc_custom_1463480619661{margin-bottom: 10px !important;}\u00bb][vc_column width=\u00bb1\/3&#8243; css=\u00bb.vc_custom_1459186986556{margin-right: 0px !important;padding-right: 0px !important;}\u00bb]<style scoped='scoped'>.mgt-promo-block-80547717587.mgt-promo-block.animated:hover .mgt-promo-block-content {background-color: rgba(0,0,0,0.5)!important;}<\/style><div class=\"mgt-promo-block animated white-text cover-image text-size-normal no-darken mgt-promo-block-80547717587 wpb_content_element\" data-style=\"background-image: url(http:\/\/pip-engineers.com\/wp-content\/uploads\/2024\/10\/Diseno-sin-titulo-36.jpg);background-repeat: no-repeat;width: 100%; height: 350px;\"><div class=\"mgt-promo-block-content mgt-hide-button\"><div class=\"mgt-promo-block-content-inside\"><div class=\"mgt-button-wrapper mgt-button-wrapper-align-center mgt-button-wrapper-display-newline mgt-button-top-margin-disable\"><a class=\"btn hvr-bounce-to-right mgt-button mgt-style-solid mgt-size-normal mgt-align-center mgt-display-newline mgt-text-size-normal mgt-button-icon-position-left mgt-text-transform-uppercase \" href=\"http:\/\/wp.magnium-themes.com\/thebuilt\/thebuilt-1\/our-services-modern\/\">Our Services<\/a><\/div><\/div><\/div><\/div>[\/vc_column][vc_column width=\u00bb2\/3&#8243; css=\u00bb.vc_custom_1459186959095{margin-left: 0px !important;padding-left: 0px !important;}\u00bb]<div class=\"mgt-promo-block black-text text-size-normal no-darken mgt-promo-block-75700987093 wpb_content_element wpb_animate_when_almost_visible wpb_right-to-left\" data-style=\"width: 100%; height: 400px;\"><div class=\"mgt-promo-block-content va-top\"><div class=\"mgt-promo-block-content-inside vc_custom_1728163157117\">\n<h2 style=\"text-align: left\"><strong>PI-POWER ENGINEERS, INC.<\/strong><\/h2>\n<h4><strong>Especialistas en Dise\u00f1o El\u00e9ctrico<\/strong><\/h4>\n<span class=\"OYPEnA font-feature-liga-off font-feature-clig-off font-feature-calt-off text-decoration-none text-strikethrough-none\">Empresa que define su negocio como servicio de calidad y electricidad sin l\u00edmite tratando de dar un servicio eficiente, de buena calidad y preciso, buen precio apegado a las normas y est\u00e1ndares el\u00e9ctricos, atenci\u00f3n excepcional a los cliente.<\/span>\n&nbsp;\n<h4><strong>Gerencia General.-<\/strong><\/h4>\n<\/div><\/div><\/div>[\/vc_column][\/vc_row][vc_row css=\u00bb.vc_custom_1463480548872{margin-bottom: 0px !important;padding-bottom: 0px !important;}\u00bb][vc_column][vc_separator css=\u00bb.vc_custom_1463481153700{margin-bottom: 0px !important;padding-bottom: 0px !important;}\u00bb][\/vc_column][\/vc_row][vc_row full_width=\u00bbstretch_row\u00bb][vc_column]<div class=\"mgt-header-block clearfix text-left text-black wpb_content_element  mgt-header-block-style-1 mgt-header-texttransform-header \"><h2 class=\"mgt-header-block-title\">NUESTROS VALORES<\/h2><div class=\"mgt-header-line\"><\/div><\/div>[\/vc_column][\/vc_row][vc_row css=\u00bb.vc_custom_1463402584349{padding-bottom: 50px !important;}\u00bb][vc_column width=\u00bb1\/3&#8243;][vc_single_image image=\u00bb3238&#8243; img_size=\u00bbfull\u00bb css_animation=\u00bbleft-to-right\u00bb css=\u00bb\u00bb][vc_column_text css_animation=\u00bbleft-to-right\u00bb css=\u00bb\u00bb]<\/p>\n<h4 style=\"text-align: left;\"><strong>MISION<\/strong><\/h4>\n<div>\n<p>Servir con calidad y sin l\u00edmites que sean beneficiosos para obtener buenos m\u00e1rgenes de resultados que redunden en una ideal satisfacci\u00f3n para nuestros clientes y proveedores.<\/p>\n<p>&nbsp;<\/p>\n<\/div>\n<p>[\/vc_column_text][\/vc_column][vc_column width=\u00bb1\/3&#8243;][vc_single_image image=\u00bb3239&#8243; img_size=\u00bbfull\u00bb css_animation=\u00bbleft-to-right\u00bb css=\u00bb\u00bb][vc_column_text css_animation=\u00bbleft-to-right\u00bb css=\u00bb\u00bb]<\/p>\n<h4><strong>VISION<\/strong><\/h4>\n<div>\n<p>Dominar la industria local de servicios, dise\u00f1os e instalaciones el\u00e9ctricas, a trav\u00e9s de la satisfacci\u00f3n del cliente.\u00a0 Promover la innovaci\u00f3n y creatividad. Anticiparse a los cambios del mercado, y a los posibles problemas que pueden generarse. .<\/p>\n<p>&nbsp;<\/p>\n<\/div>\n<p>[\/vc_column_text][\/vc_column][vc_column width=\u00bb1\/3&#8243;][vc_empty_space height=\u00bb20px\u00bb]<style scoped='scoped'>.mgt-promo-block-47315338664.mgt-promo-block.darken .mgt-promo-block-content {background-color: rgba(10,10,10,0.38)!important;}.mgt-promo-block-47315338664.mgt-promo-block.animated:hover .mgt-promo-block-content {background-color: rgba(0,0,0,0.5)!important;}<\/style><div class=\"mgt-promo-block animated white-text cover-image text-size-normal darken mgt-promo-block-47315338664 wpb_content_element wpb_animate_when_almost_visible wpb_right-to-left\" data-style=\"background-image: url(http:\/\/pip-engineers.com\/wp-content\/uploads\/2024\/10\/Diseno-sin-titulo-37.jpg);background-repeat: no-repeat;width: 100%; height: 240px;\"><div class=\"mgt-promo-block-content va-bottom\"><div class=\"mgt-promo-block-content-inside vc_custom_1729138777421\">\n<h3>NUESTROS ALIADOS<\/h3>\n<div class=\"mgt-button-wrapper mgt-button-wrapper-align-left mgt-button-wrapper-display-newline mgt-button-top-margin-disable\"><a class=\"btn hvr-icon-wobble-horizontal mgt-button mgt-style-textwhite mgt-size-normal mgt-align-left mgt-display-newline mgt-text-size-small mgt-button-icon-position-right mgt-text-transform-uppercase \" href=\"http:\/\/wp.magnium-themes.com\/thebuilt\/thebuilt-1\/partners\/\">LEER MAS<i class=\"fa fa-arrow-right\"><\/i><\/a><\/div><\/div><\/div><\/div>[\/vc_column][\/vc_row][vc_row full_width=\u00bbstretch_row_content_no_spaces\u00bb video_bg=\u00bbyes\u00bb video_bg_url=\u00bbhttps:\/\/www.youtube.com\/watch?v=onq6-K4b2ms\u00bb][vc_column]<style scoped='scoped'>.mgt-promo-block-42549479864.mgt-promo-block.darken .mgt-promo-block-content {background-color: rgba(0,0,0,0.59)!important;}.mgt-promo-block-42549479864.mgt-promo-block.animated:hover .mgt-promo-block-content {background-color: rgba(0,0,0,0.5)!important;}<\/style><div class=\"mgt-promo-block animated white-text text-size-normal darken mgt-promo-block-42549479864 wpb_content_element\" data-style=\"width: 100%; height: 450px;\"><div class=\"mgt-promo-block-content\"><div class=\"mgt-promo-block-content-inside vc_custom_1729139039319\">\n<h1 style=\"text-align: center\">PI &#8211; POWER ENGINEERS, INC.<\/h1>\n<h4 style=\"text-align: center\"><span style=\"color: #b8b8b8\">Enfocados en brindar experiencia, profesionalismo y calidad<\/span><\/h4>\n<\/div><\/div><\/div>[\/vc_column][\/vc_row][vc_row][vc_column][vc_empty_space][\/vc_column][\/vc_row]<\/p>\n<\/div>","protected":false},"excerpt":{"rendered":"<p>[vc_row][vc_column][\/vc_column][\/vc_row][vc_row equal_height=\u00bbyes\u00bb css=\u00bb.vc_custom_1463480619661{margin-bottom: 10px !important;}\u00bb][vc_column width=\u00bb1\/3&#8243; css=\u00bb.vc_custom_1459186986556{margin-right: 0px !important;padding-right: 0px !important;}\u00bb][\/vc_column][vc_column width=\u00bb2\/3&#8243; css=\u00bb.vc_custom_1459186959095{margin-left: 0px !important;padding-left: 0px !important;}\u00bb][\/vc_column][\/vc_row][vc_row css=\u00bb.vc_custom_1463480548872{margin-bottom: 0px !important;padding-bottom: 0px !important;}\u00bb][vc_column][vc_separator css=\u00bb.vc_custom_1463481153700{margin-bottom: 0px !important;padding-bottom: 0px !important;}\u00bb][\/vc_column][\/vc_row][vc_row full_width=\u00bbstretch_row\u00bb][vc_column][\/vc_column][\/vc_row][vc_row css=\u00bb.vc_custom_1463402584349{padding-bottom: 50px&#8230;<\/p>\n","protected":false},"author":1,"featured_media":0,"parent":0,"menu_order":0,"comment_status":"closed","ping_status":"closed","template":"","meta":{"footnotes":""},"class_list":["post-930","page","type-page","status-publish","hentry"],"_links":{"self":[{"href":"http:\/\/pip-engineers.com\/index.php?rest_route=\/wp\/v2\/pages\/930","targetHints":{"allow":["GET"]}}],"collection":[{"href":"http:\/\/pip-engineers.com\/index.php?rest_route=\/wp\/v2\/pages"}],"about":[{"href":"http:\/\/pip-engineers.com\/index.php?rest_route=\/wp\/v2\/types\/page"}],"author":[{"embeddable":true,"href":"http:\/\/pip-engineers.com\/index.php?rest_route=\/wp\/v2\/users\/1"}],"replies":[{"embeddable":true,"href":"http:\/\/pip-engineers.com\/index.php?rest_route=%2Fwp%2Fv2%2Fcomments&post=930"}],"version-history":[{"count":25,"href":"http:\/\/pip-engineers.com\/index.php?rest_route=\/wp\/v2\/pages\/930\/revisions"}],"predecessor-version":[{"id":3241,"href":"http:\/\/pip-engineers.com\/index.php?rest_route=\/wp\/v2\/pages\/930\/revisions\/3241"}],"wp:attachment":[{"href":"http:\/\/pip-engineers.com\/index.php?rest_route=%2Fwp%2Fv2%2Fmedia&parent=930"}],"curies":[{"name":"wp","href":"https:\/\/api.w.org\/{rel}","templated":true}]}}