{"id":11,"date":"2016-03-28T09:28:14","date_gmt":"2016-03-28T09:28:14","guid":{"rendered":"http:\/\/wp.magnium-themes.com\/thebuilt\/thebuilt-1\/?page_id=11"},"modified":"2024-10-17T04:05:55","modified_gmt":"2024-10-17T04:05:55","slug":"homepage","status":"publish","type":"page","link":"http:\/\/pip-engineers.com\/","title":{"rendered":"Homepage"},"content":{"rendered":"<div class=\"wpb-content-wrapper\"><p>[vc_row][vc_column][rev_slider_vc alias=\u00bbtheBuilt-1&#8243;][\/vc_column][\/vc_row][vc_row][vc_column]<div class=\"mgt-cta-block clearfix black-text with-text no-side-paddings wpb_content_element\" data-style=\"background-color: #ffffff;\"><div class=\"mgt-button-wrapper mgt-button-wrapper-align-right mgt-button-wrapper-display-newline mgt-button-top-margin-disable\"><a class=\"btn hvr-bounce-to-right mgt-button mgt-style-solid mgt-size-normal mgt-align-right mgt-display-newline mgt-text-size-normal mgt-button-icon-position-left mgt-text-transform-uppercase \" href=\"http:\/\/pip-engineers.com\/?page_id=2043\" target=\"_blank\">SOLICITAR COTIZACION<\/a><\/div><h5 class=\"mgt-cta-block-header\">PI-POWER ENGINEERS, INC.<\/h5><div class=\"mgt-cta-block-content\">Especialistas en Dise\u00f1os e Instalaciones El\u00e9ctricas<\/div><\/div>[\/vc_column][\/vc_row][vc_row video_bg=\u00bbyes\u00bb video_bg_url=\u00bbhttps:\/\/www.youtube.com\/watch?v=sl4lD0c1thY\u00bb][vc_column][vc_separator]<style scoped='scoped'>.mgt-promo-block-54850.mgt-promo-block.animated:hover .mgt-promo-block-content {background-color: rgba(0,0,0,0.5)!important;}<\/style><div class=\"mgt-promo-block animated white-text text-size-normal no-darken mgt-promo-block-54850 wpb_content_element\" data-style=\"width: 100%; height: 450px;\"><div class=\"mgt-promo-block-content\"><div class=\"mgt-promo-block-content-inside\"><\/div><\/div><\/div>[\/vc_column][\/vc_row][vc_row content_placement=\u00bbtop\u00bb video_bg=\u00bbyes\u00bb video_bg_url=\u00bbhttps:\/\/studio.youtube.com\/video\/sl4lD0c1thY\/edit\u00bb css=\u00bb.vc_custom_1729136795937{padding-top: 50px !important;padding-bottom: 30px !important;background-position: 0 0 !important;background-repeat: repeat !important;}\u00bb][vc_column video_bg=\u00bbyes\u00bb video_bg_url=\u00bbhttps:\/\/studio.youtube.com\/video\/sl4lD0c1thY\/edit\u00bb css_animation=\u00bbappear\u00bb][vc_empty_space]<div class=\"mgt-header-block clearfix text-left text-black wpb_content_element  mgt-header-block-style-1 mgt-header-texttransform-header \"><h2 class=\"mgt-header-block-title\">Principales Servicios<\/h2><div class=\"mgt-header-line\"><\/div><\/div>[\/vc_column][\/vc_row][vc_row css=\u00bb.vc_custom_1461317391634{margin-bottom: 20px !important;}\u00bb][vc_column width=\u00bb1\/3&#8243;]<style scoped='scoped'>.mgt-promo-block-61315338664.mgt-promo-block.darken .mgt-promo-block-content {background-color: rgba(10,10,10,0.21)!important;}.mgt-promo-block-61315338664.mgt-promo-block.animated:hover .mgt-promo-block-content {background-color: rgba(0,0,0,0.5)!important;}<\/style><div class=\"mgt-promo-block animated parallax white-text text-color-hover-white text-size-normal darken mgt-promo-block-61315338664 wpb_content_element wpb_animate_when_almost_visible wpb_appear\" data-style=\"background-image: url(http:\/\/pip-engineers.com\/wp-content\/uploads\/2024\/09\/Titulo-secundario-6.jpg);background-repeat: no-repeat;width: 100%; height: 220px;\"><div class=\"mgt-promo-block-content va-bottom\"><div class=\"mgt-promo-block-content-inside vc_custom_1727029558695\"><i class=\"fa fa-2 fa-picture-o\"><!-- Icon --><\/i>\n<h3>DISE\u00d1O DE PLANOS<\/h3>\n<div class=\"mgt-button-wrapper mgt-button-wrapper-align-left mgt-button-wrapper-display-newline mgt-button-top-margin-disable\"><a class=\"btn hvr-icon-wobble-horizontal mgt-button mgt-style-textwhite mgt-size-normal mgt-align-left mgt-display-newline mgt-text-size-small mgt-button-icon-position-right mgt-text-transform-uppercase \" href=\"http:\/\/pip-engineers.com\/?page_id=461\" target=\"_blank\">LEER MAS<i class=\"fa fa-arrow-right\"><\/i><\/a><\/div><\/div><\/div><\/div>[vc_column_text css_animation=\u00bbbottom-to-top\u00bb css=\u00bb.vc_custom_1728902239892{padding-top: 25px !important;padding-right: 25px !important;padding-bottom: 25px !important;padding-left: 25px !important;background-color: #f5f5f5 !important;}\u00bb el_class=\u00bbthebuilt-textcolor-grey\u00bb]Dise\u00f1o de planos para edificaciones y proyectos residenciales, comerciales e industriales, con el dominio de normativas locales e internacionales.[\/vc_column_text][\/vc_column][vc_column width=\u00bb1\/3&#8243;]<style scoped='scoped'>.mgt-promo-block-47315326664.mgt-promo-block.darken .mgt-promo-block-content {background-color: rgba(10,10,10,0.38)!important;}.mgt-promo-block-47315326664.mgt-promo-block.animated:hover .mgt-promo-block-content {background-color: rgba(0,0,0,0.5)!important;}<\/style><div class=\"mgt-promo-block animated white-text cover-image text-size-normal darken mgt-promo-block-47315326664 wpb_content_element wpb_animate_when_almost_visible wpb_appear\" data-style=\"background-image: url(http:\/\/pip-engineers.com\/wp-content\/uploads\/2024\/09\/17.jpg);background-repeat: no-repeat;width: 100%; height: 220px;\"><div class=\"mgt-promo-block-content va-bottom\"><div class=\"mgt-promo-block-content-inside vc_custom_1727029622886\"><i class=\"fa fa-2 fa-briefcase\"><!-- Icon --><\/i>\n<h3>ASESORIA<\/h3>\n<div class=\"mgt-button-wrapper mgt-button-wrapper-align-left mgt-button-wrapper-display-newline mgt-button-top-margin-disable\"><a class=\"btn hvr-icon-wobble-horizontal mgt-button mgt-style-textwhite mgt-size-normal mgt-align-left mgt-display-newline mgt-text-size-small mgt-button-icon-position-right mgt-text-transform-uppercase \" href=\"http:\/\/pip-engineers.com\/?page_id=461\" target=\"_blank\">LEER MAS<i class=\"fa fa-arrow-right\"><\/i><\/a><\/div><\/div><\/div><\/div>[vc_column_text css_animation=\u00bbbottom-to-top\u00bb css=\u00bb.vc_custom_1728902266506{padding-top: 25px !important;padding-right: 25px !important;padding-bottom: 25px !important;padding-left: 25px !important;background-color: #f5f5f5 !important;}\u00bb]Asesoramos y ofrecemos consultor\u00eda, an\u00e1lisis de red el\u00e9ctrica, estudios de carga y a<span class=\"JsGRdQ\">uditorias en\u00e9rgeticas.<\/span>[\/vc_column_text][\/vc_column][vc_column width=\u00bb1\/3&#8243;]<style scoped='scoped'>.mgt-promo-block-47315942664.mgt-promo-block.darken .mgt-promo-block-content {background-color: rgba(10,10,10,0.38)!important;}.mgt-promo-block-47315942664.mgt-promo-block.animated:hover .mgt-promo-block-content {background-color: rgba(0,0,0,0.5)!important;}<\/style><div class=\"mgt-promo-block animated white-text cover-image text-size-normal darken mgt-promo-block-47315942664 wpb_content_element wpb_animate_when_almost_visible wpb_appear\" data-style=\"background-image: url(http:\/\/pip-engineers.com\/wp-content\/uploads\/2024\/09\/15.jpg);background-repeat: no-repeat;width: 100%; height: 220px;\"><div class=\"mgt-promo-block-content va-bottom\"><div class=\"mgt-promo-block-content-inside vc_custom_1727029648363\"><i class=\"fa fa-2 fa-file-text-o\"><!-- Icon --><\/i>\n<h3>INSTALACION<\/h3>\n<div class=\"mgt-button-wrapper mgt-button-wrapper-align-left mgt-button-wrapper-display-newline mgt-button-top-margin-disable\"><a class=\"btn hvr-icon-wobble-horizontal mgt-button mgt-style-textwhite mgt-size-normal mgt-align-left mgt-display-newline mgt-text-size-small mgt-button-icon-position-right mgt-text-transform-uppercase \" href=\"http:\/\/pip-engineers.com\/?page_id=461\" target=\"_blank\">LEER MAS<i class=\"fa fa-arrow-right\"><\/i><\/a><\/div><\/div><\/div><\/div>[vc_column_text css_animation=\u00bbbottom-to-top\u00bb css=\u00bb.vc_custom_1728902432268{padding-top: 25px !important;padding-right: 25px !important;padding-bottom: 25px !important;padding-left: 25px !important;background-color: #f5f5f5 !important;}\u00bb]Instalaci\u00f3n y montaje de equipos y materiales de BT, MT y AT con los m\u00e1s altos est\u00e1ndares de seguridad el\u00e9ctrica[\/vc_column_text][\/vc_column][\/vc_row][vc_row full_width=\u00bbstretch_row\u00bb css=\u00bb.vc_custom_1464598757561{padding-bottom: 30px !important;}\u00bb][vc_column]<div class=\"mgt-header-block clearfix text-left text-black wpb_content_element  mgt-header-block-style-1 mgt-header-texttransform-header \"><h2 class=\"mgt-header-block-title\">PROYECTOS EN CONSTRUCCION<\/h2><div class=\"mgt-header-line\"><\/div><\/div><div class=\"mgt-post-list-wrapper\"><div id=\"mgt-post-list-59308\" class=\"mgt-post-list wpb_content_element animated\" style=\"display: none;\"><div class=\"mgt-post normal-blocks\"><a href=\"http:\/\/pip-engineers.com\/?p=2481\"><div class=\"mgt-post-image\" data-style=\"background-image: url(http:\/\/pip-engineers.com\/wp-content\/uploads\/2024\/09\/IMG_20241011_173712-370x230.jpg);\"><div class=\"mgt-post-image-wrapper\"><div class=\"mgt-post-categories\">Industrial<\/div><div class=\"mgt-post-wrapper-icon\"><i class=\"fa fa-plus\"><\/i><\/div>\r\n<\/div><\/div><\/a><div class=\"mgt-post-details\"><div class=\"mgt-post-icon format-standard\"><\/div><div class=\"mgt-post-title\"><a href=\"http:\/\/pip-engineers.com\/?p=2481\"><h5>Proyecto Industrial<\/h5><\/a><\/div><div class=\"mgt-post-date\"><i class=\"fa fa-file-text-o\"><\/i>\r\nseptiembre 22, 2024 <\/div><\/div><\/div><div class=\"mgt-post normal-blocks\"><a href=\"http:\/\/pip-engineers.com\/?p=1\"><div class=\"mgt-post-image\" data-style=\"background-image: url(http:\/\/pip-engineers.com\/wp-content\/uploads\/2024\/09\/IMG_20241014_002205-370x230.jpg);\"><div class=\"mgt-post-image-wrapper\"><div class=\"mgt-post-categories\">COMERCIAL<\/div><div class=\"mgt-post-wrapper-icon\"><i class=\"fa fa-plus\"><\/i><\/div>\r\n<\/div><\/div><\/a><div class=\"mgt-post-details\"><div class=\"mgt-post-icon format-standard\"><\/div><div class=\"mgt-post-title\"><a href=\"http:\/\/pip-engineers.com\/?p=1\"><h5>Proyecto Comercial<\/h5><\/a><\/div><div class=\"mgt-post-date\"><i class=\"fa fa-file-text-o\"><\/i>\r\nseptiembre 22, 2024 <\/div><\/div><\/div><div class=\"mgt-post normal-blocks\"><a href=\"http:\/\/pip-engineers.com\/?p=2479\"><div class=\"mgt-post-image\" data-style=\"background-image: url(http:\/\/pip-engineers.com\/wp-content\/uploads\/2024\/09\/IMG_20241013_221316-370x230.jpg);\"><div class=\"mgt-post-image-wrapper\"><div class=\"mgt-post-categories\">RESIDENCIAL<\/div><div class=\"mgt-post-wrapper-icon\"><i class=\"fa fa-plus\"><\/i><\/div>\r\n<\/div><\/div><\/a><div class=\"mgt-post-details\"><div class=\"mgt-post-icon format-standard\"><\/div><div class=\"mgt-post-title\"><a href=\"http:\/\/pip-engineers.com\/?p=2479\"><h5>Proyecto Residencial<\/h5><\/a><\/div><div class=\"mgt-post-date\"><i class=\"fa fa-file-text-o\"><\/i>\r\njunio 1, 2024 <\/div><\/div><\/div><div class=\"mgt-post normal-blocks\"><a href=\"http:\/\/pip-engineers.com\/?p=221\"><div class=\"mgt-post-image\" data-style=\"background-image: url(http:\/\/pip-engineers.com\/wp-content\/uploads\/2016\/03\/import_placeholder.png);\"><div class=\"mgt-post-image-wrapper\"><div class=\"mgt-post-categories\">Interior Design<\/div><div class=\"mgt-post-wrapper-icon\"><i class=\"fa fa-plus\"><\/i><\/div>\r\n<\/div><\/div><\/a><div class=\"mgt-post-details\"><div class=\"mgt-post-icon format-standard\"><\/div><div class=\"mgt-post-title\"><a href=\"http:\/\/pip-engineers.com\/?p=221\"><h5>Creative and unique buildings<\/h5><\/a><\/div><div class=\"mgt-post-date\"><i class=\"fa fa-file-text-o\"><\/i>\r\nmarzo 29, 2016 <\/div><\/div><\/div><div class=\"mgt-post normal-blocks\"><a href=\"http:\/\/pip-engineers.com\/?p=219\"><div class=\"mgt-post-image\" data-style=\"background-image: url(http:\/\/pip-engineers.com\/wp-content\/uploads\/2016\/03\/import_placeholder.png);\"><div class=\"mgt-post-image-wrapper\"><div class=\"mgt-post-categories\">Industrial<\/div><div class=\"mgt-post-wrapper-icon\"><i class=\"fa fa-plus\"><\/i><\/div>\r\n<\/div><\/div><\/a><div class=\"mgt-post-details\"><div class=\"mgt-post-icon format-standard\"><\/div><div class=\"mgt-post-title\"><a href=\"http:\/\/pip-engineers.com\/?p=219\"><h5>How to start Home renovation<\/h5><\/a><\/div><div class=\"mgt-post-date\"><i class=\"fa fa-file-text-o\"><\/i>\r\nmarzo 29, 2016 <\/div><\/div><\/div><div class=\"mgt-post normal-blocks\"><a href=\"http:\/\/pip-engineers.com\/?p=216\"><div class=\"mgt-post-image\" data-style=\"background-image: url(http:\/\/pip-engineers.com\/wp-content\/uploads\/2016\/03\/import_placeholder-370x230.png);\"><div class=\"mgt-post-image-wrapper\"><div class=\"mgt-post-categories\">RESIDENCIAL<\/div><div class=\"mgt-post-wrapper-icon\"><i class=\"fa fa-plus\"><\/i><\/div>\r\n<\/div><\/div><\/a><div class=\"mgt-post-details\"><div class=\"mgt-post-icon format-standard\"><\/div><div class=\"mgt-post-title\"><a href=\"http:\/\/pip-engineers.com\/?p=216\"><h5>TheBuilt Awards<\/h5><\/a><\/div><div class=\"mgt-post-date\"><i class=\"fa fa-file-text-o\"><\/i>\r\nmarzo 29, 2016 <\/div><\/div><\/div><div class=\"clearfix\"><\/div><\/div><\/div><script>(function($){\r\n\t    $(document).ready(function() {\r\n\r\n\t\t    $(\"#mgt-post-list-59308\").owlCarousel({\r\n\t            items: 3,\r\n\t            itemsDesktop: [1024,3],\r\n\t            itemsTablet: [770,2],\r\n\t            itemsMobile : [480,1],\r\n\t            autoPlay: false,\r\n\t            navigation: true,\r\n\t            navigationText : false,\r\n\t            pagination: false,\r\n\t            afterInit : function(elem){\r\n\t                $(this).css(\"display\", \"block\");\r\n\t            }\r\n\t\t    });\r\n\t    });})(jQuery);<\/script>[\/vc_column][\/vc_row]<\/p>\n<\/div>","protected":false},"excerpt":{"rendered":"<p>[vc_row][vc_column][rev_slider_vc alias=\u00bbtheBuilt-1&#8243;][\/vc_column][\/vc_row][vc_row][vc_column][\/vc_column][\/vc_row][vc_row video_bg=\u00bbyes\u00bb video_bg_url=\u00bbhttps:\/\/www.youtube.com\/watch?v=sl4lD0c1thY\u00bb][vc_column][vc_separator][\/vc_column][\/vc_row][vc_row content_placement=\u00bbtop\u00bb video_bg=\u00bbyes\u00bb video_bg_url=\u00bbhttps:\/\/studio.youtube.com\/video\/sl4lD0c1thY\/edit\u00bb css=\u00bb.vc_custom_1729136795937{padding-top: 50px !important;padding-bottom: 30px !important;background-position: 0 0 !important;background-repeat: repeat !important;}\u00bb][vc_column video_bg=\u00bbyes\u00bb video_bg_url=\u00bbhttps:\/\/studio.youtube.com\/video\/sl4lD0c1thY\/edit\u00bb css_animation=\u00bbappear\u00bb][vc_empty_space][\/vc_column][\/vc_row][vc_row css=\u00bb.vc_custom_1461317391634{margin-bottom: 20px !important;}\u00bb][vc_column width=\u00bb1\/3&#8243;][vc_column_text css_animation=\u00bbbottom-to-top\u00bb css=\u00bb.vc_custom_1728902239892{padding-top: 25px !important;padding-right: 25px !important;padding-bottom:&#8230;<\/p>\n","protected":false},"author":1,"featured_media":0,"parent":0,"menu_order":0,"comment_status":"closed","ping_status":"closed","template":"","meta":{"footnotes":""},"class_list":["post-11","page","type-page","status-publish","hentry"],"_links":{"self":[{"href":"http:\/\/pip-engineers.com\/index.php?rest_route=\/wp\/v2\/pages\/11","targetHints":{"allow":["GET"]}}],"collection":[{"href":"http:\/\/pip-engineers.com\/index.php?rest_route=\/wp\/v2\/pages"}],"about":[{"href":"http:\/\/pip-engineers.com\/index.php?rest_route=\/wp\/v2\/types\/page"}],"author":[{"embeddable":true,"href":"http:\/\/pip-engineers.com\/index.php?rest_route=\/wp\/v2\/users\/1"}],"replies":[{"embeddable":true,"href":"http:\/\/pip-engineers.com\/index.php?rest_route=%2Fwp%2Fv2%2Fcomments&post=11"}],"version-history":[{"count":92,"href":"http:\/\/pip-engineers.com\/index.php?rest_route=\/wp\/v2\/pages\/11\/revisions"}],"predecessor-version":[{"id":3019,"href":"http:\/\/pip-engineers.com\/index.php?rest_route=\/wp\/v2\/pages\/11\/revisions\/3019"}],"wp:attachment":[{"href":"http:\/\/pip-engineers.com\/index.php?rest_route=%2Fwp%2Fv2%2Fmedia&parent=11"}],"curies":[{"name":"wp","href":"https:\/\/api.w.org\/{rel}","templated":true}]}}